{"id":799,"date":"2018-06-13T13:36:26","date_gmt":"2018-06-13T11:36:26","guid":{"rendered":"http:\/\/paktum.sopron.hu\/?page_id=799"},"modified":"2018-06-14T16:05:53","modified_gmt":"2018-06-14T14:05:53","slug":"hirek","status":"publish","type":"page","link":"http:\/\/paktum.sopron.hu\/index.php\/hirek\/","title":{"rendered":"H\u00edrek, esem\u00e9nyek"},"content":{"rendered":"<p>[vc_row][vc_column width=&#8221;2\/12&#8243;][\/vc_column][vc_column width=&#8221;8\/12&#8243; el_class=&#8221;news-wrapper&#8221;]\t\t<div class=\"linp-post-list  layout_1\">\n\t\t\t\t\t\t\t<div class=\"vc_row\">\n\t\t\t\t\t\t\t\t\t\t\t\t\t\t\t\t\t\t<div class=\"item one whole\">\n\t<div class=\"inner-wrap\">\n\t\t\t\t\t\t\t\t<div class=\"data\">\n\n\n\t\t\t<div class=\"meta-data\">\n\t\t\t\t<div class=\"date\">\n\t\t\t\t\t\t\t\t\t\t\t2020. szeptember 30.\t\t\t\t\t\t\t\t\t<\/div>\n\t\t\t<\/div>\n\t\t\t<h3>\n\t\t\t\t<a title=\"SIKERESEN Z\u00c1RULT A SOPRONI FOGLALKOZTAT\u00c1SI PAKTUM\"\n\t\t\t\t   href=\"http:\/\/paktum.sopron.hu\/index.php\/sikeresen-zarult-a-soproni-foglalkoztatasi-paktum\/\">\n\t\t\t\t\tSIKERESEN Z\u00c1RULT A SOPRONI FOGLALKOZTAT\u00c1SI PAKTUM\t\t\t\t<\/a>\n\t\t\t<\/h3>\n\t\t\t\t\t\t\t<div class=\"content\">\n\t\t\t\t\t\t\t\t\t\t<p>Sopron MJV \u00d6nkorm\u00e1nyzata \u2013 a Gy\u0151r-Moson-Sopron Megyei Korm\u00e1nyhivatal, a Soproni V\u00e1rosfejleszt\u00e9si Kft., valamint a Sopron&hellip;<\/p>\n\t\t\t\t<\/div>\n\t\t\t\t\t\t<div class=\"meta-data\">\n\t\t\t\t\t\t\t\t\t\t\t<\/div>\n\t\t\t\t\t\t\t<a class=\"read-more\" href=\"http:\/\/paktum.sopron.hu\/index.php\/sikeresen-zarult-a-soproni-foglalkoztatasi-paktum\/\">R\u00e9szletek<\/a>\n\t\t\t\t\t<\/div>\n\t<\/div>\n<\/div>\t\t\t\t\t\t\n\t\t\t\t\t\t\t\t\t<\/div>\n\t\t\t\t\t\t\t<div class=\"vc_row\">\n\t\t\t\t\t\t\t\t\t\t\t\t\t\t\t\t\t\t<div class=\"item one whole\">\n\t<div class=\"inner-wrap\">\n\t\t\t\t\t\t\t\t<div class=\"data\">\n\n\n\t\t\t<div class=\"meta-data\">\n\t\t\t\t<div class=\"date\">\n\t\t\t\t\t\t\t\t\t\t\t2020. j\u00fanius 29.\t\t\t\t\t\t\t\t\t<\/div>\n\t\t\t<\/div>\n\t\t\t<h3>\n\t\t\t\t<a title=\"4,1 sz\u00e1zal\u00e9kos volt a munkan\u00e9lk\u00fclis\u00e9g m\u00e1rciust\u00f3l m\u00e1jusig tart\u00f3 id\u0151szakban\"\n\t\t\t\t   href=\"http:\/\/paktum.sopron.hu\/index.php\/41-szazalekos-volt-a-munkanelkuliseg-marciustol-majusig-tarto-idoszakban\/\">\n\t\t\t\t\t4,1 sz\u00e1zal\u00e9kos volt a munkan\u00e9lk\u00fclis\u00e9g m\u00e1rciust\u00f3l m\u00e1jusig tart\u00f3 id\u0151szakban\t\t\t\t<\/a>\n\t\t\t<\/h3>\n\t\t\t\t\t\t\t<div class=\"content\">\n\t\t\t\t\t\t\t\t\t\t<p>A m\u00e1rciust\u00f3l m\u00e1jusig tart\u00f3, h\u00e1rom h\u00f3napos id\u0151szakban a munkan\u00e9lk\u00fcliek \u00e1tlagos l\u00e9tsz\u00e1ma 190 ezer, a munkan\u00e9lk\u00fclis\u00e9gi&hellip;<\/p>\n\t\t\t\t<\/div>\n\t\t\t\t\t\t<div class=\"meta-data\">\n\t\t\t\t\t\t\t\t\t\t\t<\/div>\n\t\t\t\t\t\t\t<a class=\"read-more\" href=\"http:\/\/paktum.sopron.hu\/index.php\/41-szazalekos-volt-a-munkanelkuliseg-marciustol-majusig-tarto-idoszakban\/\">R\u00e9szletek<\/a>\n\t\t\t\t\t<\/div>\n\t<\/div>\n<\/div>\t\t\t\t\t\t\n\t\t\t\t\t\t\t\t\t<\/div>\n\t\t\t\t\t\t\t<div class=\"vc_row\">\n\t\t\t\t\t\t\t\t\t\t\t\t\t\t\t\t\t\t<div class=\"item one whole\">\n\t<div class=\"inner-wrap\">\n\t\t\t\t\t\t\t\t<div class=\"data\">\n\n\n\t\t\t<div class=\"meta-data\">\n\t\t\t\t<div class=\"date\">\n\t\t\t\t\t\t\t\t\t\t\t2020. j\u00fanius 29.\t\t\t\t\t\t\t\t\t<\/div>\n\t\t\t<\/div>\n\t\t\t<h3>\n\t\t\t\t<a title=\"Di\u00e1kmunk\u00e1k Sopronban\"\n\t\t\t\t   href=\"http:\/\/paktum.sopron.hu\/index.php\/diakmunkak-sopronban\/\">\n\t\t\t\t\tDi\u00e1kmunk\u00e1k Sopronban\t\t\t\t<\/a>\n\t\t\t<\/h3>\n\t\t\t\t\t\t\t<div class=\"content\">\n\t\t\t\t\t\t\t\t\t\t<p>Pannonwork P\u00e9nzt\u00e1ros poz\u00edci\u00f3 J\u00f3l megy a fejben sz\u00e1mol\u00e1s,\u00e9s sz\u00edvesen kipr\u00f3b\u00e1ln\u00e1d magad kassz\u00e1sk\u00e9nt? Amennyiben nem riadsz&hellip;<\/p>\n\t\t\t\t<\/div>\n\t\t\t\t\t\t<div class=\"meta-data\">\n\t\t\t\t\t\t\t\t\t\t\t<\/div>\n\t\t\t\t\t\t\t<a class=\"read-more\" href=\"http:\/\/paktum.sopron.hu\/index.php\/diakmunkak-sopronban\/\">R\u00e9szletek<\/a>\n\t\t\t\t\t<\/div>\n\t<\/div>\n<\/div>\t\t\t\t\t\t\n\t\t\t\t\t\t\t\t\t<\/div>\n\t\t\t\t\t\t\t<div class=\"vc_row\">\n\t\t\t\t\t\t\t\t\t\t\t\t\t\t\t\t\t\t<div class=\"item one whole\">\n\t<div class=\"inner-wrap\">\n\t\t\t\t\t\t\t\t<div class=\"data\">\n\n\n\t\t\t<div class=\"meta-data\">\n\t\t\t\t<div class=\"date\">\n\t\t\t\t\t\t\t\t\t\t\t2020. j\u00fanius 29.\t\t\t\t\t\t\t\t\t<\/div>\n\t\t\t<\/div>\n\t\t\t<h3>\n\t\t\t\t<a title=\"Munkaer\u0151piaci, kereseti statisztika v\u00e1rhat\u00f3 a h\u00e9ten\"\n\t\t\t\t   href=\"http:\/\/paktum.sopron.hu\/index.php\/munkaeropiaci-kereseti-statisztika-varhato-a-jovo-heten\/\">\n\t\t\t\t\tMunkaer\u0151piaci, kereseti statisztika v\u00e1rhat\u00f3 a h\u00e9ten\t\t\t\t<\/a>\n\t\t\t<\/h3>\n\t\t\t\t\t\t\t<div class=\"content\">\n\t\t\t\t\t\t\t\t\t\t<p>Munkaer\u0151piaci, kereseti \u00e9s t\u00f6bb m\u00e1s statisztikai adat is megjelenik a h\u00e9ten, k\u00f6z\u00f6tt\u00fck az ipari termel\u0151i&hellip;<\/p>\n\t\t\t\t<\/div>\n\t\t\t\t\t\t<div class=\"meta-data\">\n\t\t\t\t\t\t\t\t\t\t\t<\/div>\n\t\t\t\t\t\t\t<a class=\"read-more\" href=\"http:\/\/paktum.sopron.hu\/index.php\/munkaeropiaci-kereseti-statisztika-varhato-a-jovo-heten\/\">R\u00e9szletek<\/a>\n\t\t\t\t\t<\/div>\n\t<\/div>\n<\/div>\t\t\t\t\t\t\n\t\t\t\t\t\t\t\t\t<\/div>\n\t\t\t\t\t\t\t<div class=\"vc_row\">\n\t\t\t\t\t\t\t\t\t\t\t\t\t\t\t\t\t\t<div class=\"item one whole\">\n\t<div class=\"inner-wrap\">\n\t\t\t\t\t\t\t\t<div class=\"data\">\n\n\n\t\t\t<div class=\"meta-data\">\n\t\t\t\t<div class=\"date\">\n\t\t\t\t\t\t\t\t\t\t\t2020. j\u00fanius 11.\t\t\t\t\t\t\t\t\t<\/div>\n\t\t\t<\/div>\n\t\t\t<h3>\n\t\t\t\t<a title=\"M\u00e1r t\u00f6bb mint 10 ezer \u00e1ll\u00e1skeres\u0151t juttatott munk\u00e1hoz a munkahelyteremt\u0151 b\u00e9rt\u00e1mogat\u00e1s\"\n\t\t\t\t   href=\"http:\/\/paktum.sopron.hu\/index.php\/mar-tobb-mint-10-ezer-allaskeresot-juttatott-munkahoz-a-munkahelyteremto-bertamogatas\/\">\n\t\t\t\t\tM\u00e1r t\u00f6bb mint 10 ezer \u00e1ll\u00e1skeres\u0151t juttatott munk\u00e1hoz a munkahelyteremt\u0151 b\u00e9rt\u00e1mogat\u00e1s\t\t\t\t<\/a>\n\t\t\t<\/h3>\n\t\t\t\t\t\t\t<div class=\"content\">\n\t\t\t\t\t\t\t\t\t\t<p>A munkahelyteremt\u0151 b\u00e9rt\u00e1mogat\u00e1si program m\u00e1r t\u00f6bb mint 10 ezer regisztr\u00e1lt \u00e1ll\u00e1skeres\u0151 \u00fajb\u00f3li elhelyezked\u00e9s\u00e9t seg\u00edtette -&hellip;<\/p>\n\t\t\t\t<\/div>\n\t\t\t\t\t\t<div class=\"meta-data\">\n\t\t\t\t\t\t\t\t\t\t\t<\/div>\n\t\t\t\t\t\t\t<a class=\"read-more\" href=\"http:\/\/paktum.sopron.hu\/index.php\/mar-tobb-mint-10-ezer-allaskeresot-juttatott-munkahoz-a-munkahelyteremto-bertamogatas\/\">R\u00e9szletek<\/a>\n\t\t\t\t\t<\/div>\n\t<\/div>\n<\/div>\t\t\t\t\t\t\n\t\t\t\t\t\t\t\t\t<\/div>\n\t\t\t\t\t\t\t\t<\/div>\n\n\t\t[\/vc_column][\/vc_row]<\/p>\n","protected":false},"excerpt":{"rendered":"<p>[vc_row][vc_column width=&#8221;2\/12&#8243;][\/vc_column][vc_column width=&#8221;8\/12&#8243; el_class=&#8221;news-wrapper&#8221;][\/vc_column][\/vc_row]<\/p>\n","protected":false},"author":1,"featured_media":0,"parent":0,"menu_order":0,"comment_status":"closed","ping_status":"closed","template":"template-fullwidth-no-title.php","meta":{"footnotes":""},"_links":{"self":[{"href":"http:\/\/paktum.sopron.hu\/index.php\/wp-json\/wp\/v2\/pages\/799"}],"collection":[{"href":"http:\/\/paktum.sopron.hu\/index.php\/wp-json\/wp\/v2\/pages"}],"about":[{"href":"http:\/\/paktum.sopron.hu\/index.php\/wp-json\/wp\/v2\/types\/page"}],"author":[{"embeddable":true,"href":"http:\/\/paktum.sopron.hu\/index.php\/wp-json\/wp\/v2\/users\/1"}],"replies":[{"embeddable":true,"href":"http:\/\/paktum.sopron.hu\/index.php\/wp-json\/wp\/v2\/comments?post=799"}],"version-history":[{"count":15,"href":"http:\/\/paktum.sopron.hu\/index.php\/wp-json\/wp\/v2\/pages\/799\/revisions"}],"predecessor-version":[{"id":842,"href":"http:\/\/paktum.sopron.hu\/index.php\/wp-json\/wp\/v2\/pages\/799\/revisions\/842"}],"wp:attachment":[{"href":"http:\/\/paktum.sopron.hu\/index.php\/wp-json\/wp\/v2\/media?parent=799"}],"curies":[{"name":"wp","href":"https:\/\/api.w.org\/{rel}","templated":true}]}}