{"id":531,"date":"2018-05-04T09:13:54","date_gmt":"2018-05-04T07:13:54","guid":{"rendered":"http:\/\/paktum.gandastudio.com\/?page_id=531"},"modified":"2018-06-11T16:25:25","modified_gmt":"2018-06-11T14:25:25","slug":"munkaadoknak","status":"publish","type":"page","link":"http:\/\/paktum.sopron.hu\/index.php\/munkaadoknak\/","title":{"rendered":"Munkaad\u00f3knak"},"content":{"rendered":"<p>[vc_row el_class=&#8221;floating-box-custom-container&#8221;][vc_column width=&#8221;2\/6&#8243; el_class=&#8221;floating-box-wrapper&#8221;][vc_row_inner][vc_column_inner el_class=&#8221;floating-box&#8221;]<a id=\"theme-button-6a08fc0f64225\" href=\"#tamogatasok\" class=\"wh-button about-jump-btn\">Ig\u00e9nybe vehet\u0151 t\u00e1mogat\u00e1sok<\/a><a id=\"theme-button-6a08fc0f6424b\" href=\"#jogosultak\" class=\"wh-button about-jump-btn\">Kik vehetik ig\u00e9nybe?<\/a><a id=\"theme-button-6a08fc0f64260\" href=\"#kire-vonatkozik\" class=\"wh-button about-jump-btn\">Kire vonatkozik a program?<\/a><a id=\"theme-button-6a08fc0f64271\" href=\"#regisztracio\" class=\"wh-button about-jump-btn\">Regisztr\u00e1ci\u00f3, jelentkez\u00e9s<\/a><a id=\"theme-button-6a08fc0f64281\" href=\"#elerhetoseg\" class=\"wh-button about-jump-btn\">El\u00e9rhet\u0151s\u00e9g<\/a><a id=\"theme-button-6a08fc0f64291\" href=\"#dokumentumok\" class=\"wh-button about-jump-btn\">Let\u00f6lthet\u0151 dokumentumok<\/a><a id=\"theme-button-6a08fc0f642a0\" href=\"#partnerek\" class=\"wh-button about-jump-btn\">Egy\u00fcttm\u0171k\u00f6d\u0151 partnerek<\/a>[\/vc_column_inner][\/vc_row_inner][\/vc_column][vc_column width=&#8221;4\/6&#8243;][vc_column_text]A projekt keret\u00e9ben egy\u00e9ni v\u00e1llalkoz\u00f3k, mikro-, kis-, \u00e9s k\u00f6z\u00e9pv\u00e1llalkoz\u00e1sok munkab\u00e9r<br \/>\n\u00e9s b\u00e9rk\u00f6lts\u00e9g t\u00e1mogat\u00e1sban r\u00e9szes\u00fclhetnek, amennyiben a projekt valamely<br \/>\nc\u00e9lcsoportj\u00e1ba tartoz\u00f3 regisztr\u00e1lt \u00e1ll\u00e1skeres\u0151t foglalkoztatnak.<\/p>\n<p>Az el\u00e9rend\u0151 c\u00e9lcsoportok sz\u00e1m\u00e1ra \u2013 regisztr\u00e1lt \u00e1ll\u00e1skeres\u0151k\u00e9nt t\u00f6rt\u00e9n\u0151 bevon\u00e1suk<br \/>\nut\u00e1n \u2013 a munk\u00e1ltat\u00f3k ig\u00e9nyei alapj\u00e1n \u00f6ssze\u00e1ll\u00edtott k\u00e9pz\u00e9sek \u00e9s szolg\u00e1ltat\u00e1sok<br \/>\nny\u00fajthat\u00f3k.[\/vc_column_text][vc_separator][vc_column_text el_id=&#8221;tamogatasok&#8221;]<\/p>\n<h3>Ig\u00e9nybe vehet\u0151 t\u00e1mogat\u00e1sok<\/h3>\n<ol>\n<li>B\u00e9rt\u00e1mogat\u00e1s (k\u00fcl\u00f6nb\u00f6z\u0151 id\u0151tartamra &#8211; legfeljebb 8 h\u00f3napra &#8211;\u00a0tov\u00e1bbfoglalkoztat\u00e1si k\u00f6telezetts\u00e9ggel)<\/li>\n<li>B\u00e9rk\u00f6lts\u00e9g-t\u00e1mogat\u00e1s (k\u00fcl\u00f6nb\u00f6z\u0151 id\u0151tartamra &#8211; legfeljebb 8 h\u00f3napra &#8211;\u00a0tov\u00e1bbfoglalkoztat\u00e1si k\u00f6telezetts\u00e9ggel)<\/li>\n<\/ol>\n<p>A t\u00e1mogat\u00e1sok a kor\u00e1bbi id\u0151szak gyakorlata alapj\u00e1n lehetnek pl. 4+2, 6+3\u00a0h\u00f3napra kiterjed\u0151k, mely konstrukci\u00f3k keret\u00e9ben a t\u00e1mogat\u00e1s id\u0151tartama 4 vagy\u00a06 h\u00f3nap lehet, mely 2, illetve 3 h\u00f3napos t\u00e1mogat\u00e1s n\u00e9lk\u00fcli tov\u00e1bbfoglalkoztat\u00e1si\u00a0k\u00f6telezetts\u00e9ggel j\u00e1r egy\u00fctt.<\/p>\n<p>A t\u00e1mogat\u00e1sok m\u00e9rt\u00e9ke a Gy\u0151r-Moson-Sopron Megyei Korm\u00e1nyhivatal Soproni\u00a0J\u00e1r\u00e1si Hivatal Foglalkoztat\u00e1si Oszt\u00e1ly\u00e1n egy\u00e9nileg ker\u00fcl meg\u00e1llap\u00edt\u00e1sra.[\/vc_column_text][vc_separator][vc_column_text el_id=&#8221;jogosultak&#8221;]<\/p>\n<h3>Kik vehetik ig\u00e9nybe?<\/h3>\n<p>Munkab\u00e9r \u00e9s b\u00e9rk\u00f6lts\u00e9g t\u00e1mogat\u00e1sban azok az egy\u00e9ni v\u00e1llalkoz\u00f3k, mikro-, kis-,\u00a0\u00e9s k\u00f6z\u00e9pv\u00e1llalkoz\u00e1sok r\u00e9szes\u00fclhetnek, amelyek a projekt valamely c\u00e9lcsoportj\u00e1ba\u00a0tartoz\u00f3, a Soproni J\u00e1r\u00e1sban lakc\u00edmmel rendelkez\u0151 regisztr\u00e1lt \u00e1ll\u00e1skeres\u0151t k\u00edv\u00e1nnak\u00a0foglalkoztatni, illetve a foglalkoztat\u00e1s egy\u00fctt j\u00e1r az egy \u00e9ves statisztikai \u00e1llom\u00e1nyi\u00a0l\u00e9tsz\u00e1m\u00e1nak n\u00f6veked\u00e9s\u00e9vel.[\/vc_column_text][vc_separator][vc_column_text el_id=&#8221;kire-vonatkozik&#8221;]<\/p>\n<h3>Kire vonatkozik a program?<\/h3>\n<p>A programba kiz\u00e1r\u00f3lag azok a munk\u00e1t v\u00e1llalni sz\u00e1nd\u00e9koz\u00f3, \u00e1ll\u00e1skeres\u0151 szem\u00e9lyek \u00e9s\u00a0inakt\u00edvak vonhat\u00f3k be, akik az al\u00e1bbi c\u00e9lcsoportok valamelyik\u00e9be besorolhat\u00f3k:<\/p>\n<ul>\n<li>Alacsony iskolai v\u00e9gzetts\u00e9g\u0171ek (legfeljebb \u00e1ltal\u00e1nos iskolai v\u00e9gzetts\u00e9g),<\/li>\n<li>25 \u00e9v alatti fiatalok vagy 30 \u00e9v alatti p\u00e1lyakezd\u0151 \u00e1ll\u00e1skeres\u0151k,<\/li>\n<li>50 \u00e9v felettiek,<\/li>\n<li>GYED-r\u0151l, GYES-r\u0151l, \u00e1pol\u00e1si d\u00edjr\u00f3l visszat\u00e9r\u0151k, vagy legal\u00e1bb egy gyermeket\u00a0egyed\u00fcl nevel\u0151 feln\u0151ttek,<\/li>\n<li>Foglalkoztat\u00e1st helyettes\u00edt\u0151 t\u00e1mogat\u00e1sban r\u00e9szes\u00fcl\u0151k,<\/li>\n<li>Tart\u00f3s munkan\u00e9lk\u00fclis\u00e9ggel vesz\u00e9lyeztetettek,<\/li>\n<li>Megv\u00e1ltozott munkak\u00e9pess\u00e9g\u0171 szem\u00e9lyek,<\/li>\n<li>Roma nemzetis\u00e9ghez tartoz\u00f3 szem\u00e9lyek,<\/li>\n<li>A k\u00f6zfoglalkoztat\u00e1sb\u00f3l a versenyszf\u00e9r\u00e1ba visszavezethet\u0151k\u00a0(k\u00f6zfoglalkoztat\u00e1sb\u00f3l 30 napn\u00e1l nem r\u00e9gebben kil\u00e9pett \u00e9s\u00a0nyilv\u00e1ntart\u00e1sba vett \u00e1ll\u00e1skeres\u0151k),<\/li>\n<li>Inakt\u00edvak (a programba val\u00f3 bevon\u00e1s el\u0151tt nem dolgoztak, illetve nem volt\u00a0rendszeres j\u00f6vedelmet biztos\u00edt\u00f3 munk\u00e1juk, \u00e9s nem is kerestek munk\u00e1t,\u00a0vagy kerestek, de nem tudtak volna munk\u00e1ba \u00e1llni).<\/li>\n<\/ul>\n<p>[\/vc_column_text][vc_column_text el_id=&#8221;regisztracio&#8221;]<\/p>\n<h4>Regisztr\u00e1ci\u00f3, jelentkez\u00e9s<\/h4>\n<p>Jelentkez\u00e9s menete:<\/p>\n<ol>\n<li>A munkaad\u00f3 szem\u00e9lyesen (9400 Sopron, K\u0151szegi \u00fat 1\/A.) telefonon (99\/506 330)\u00a0vagy emailben (foglalkoztatas.sopron@gyor.gov.hu) felkeresi a Soproni J\u00e1r\u00e1si\u00a0Hivatal Foglalkoztat\u00e1si Oszt\u00e1ly\u00e1t.<\/li>\n<li>A J\u00e1r\u00e1si Hivatal sz\u00e1m\u00e1ra beny\u00fajtja a munkaer\u0151ig\u00e9nyr\u0151l sz\u00f3l\u00f3 bejelent\u0151 lapj\u00e1t.<\/li>\n<li>Amennyiben megtal\u00e1lta azt az \u00e1ll\u00e1skeres\u0151 szem\u00e9lyt, akit \u00e1llom\u00e1ny\u00e1ban alkalmazna\u00a0(annak \u00e1ll\u00e1skeres\u0151k\u00e9nt val\u00f3 regisztr\u00e1ci\u00f3j\u00e1t \u00e9s a TOP 6.8.2. programba val\u00f3\u00a0bevon\u00e1s\u00e1t k\u00f6vet\u0151en, vagy azzal egyid\u0151ben), beny\u00fajthatja a b\u00e9r- vagy b\u00e9rk\u00f6lts\u00e9g\u00a0t\u00e1mogat\u00e1shoz sz\u00fcks\u00e9ges k\u00e9relmeket \u00e9s nyilatkozatokat.<\/li>\n<li>A beny\u00fajtott k\u00e9relem k\u00e9t h\u00e9t alatt elb\u00edr\u00e1l\u00e1sra ker\u00fcl.<\/li>\n<li>A pozit\u00edv elb\u00edr\u00e1l\u00e1st k\u00f6vet\u0151en a munkaad\u00f3 megk\u00f6theti munkaszerz\u0151d\u00e9s\u00e9t az\u00a0\u00e1ll\u00e1skeres\u0151vel, majd t\u00e1mogat\u00e1si szerz\u0151d\u00e9s\u00e9t a J\u00e1r\u00e1si Hivatallal.<\/li>\n<li>A meg\u00edt\u00e9lt b\u00e9r- vagy b\u00e9rk\u00f6lts\u00e9gt\u00e1mogat\u00e1s \u00f6sszege havonta ker\u00fcl foly\u00f3s\u00edt\u00e1sra a\u00a0munkaad\u00f3 sz\u00e1m\u00e1ra.<\/li>\n<\/ol>\n<p>[\/vc_column_text][vc_column_text el_id=&#8221;elerhetoseg&#8221;]<\/p>\n<h4>El\u00e9rhet\u0151s\u00e9g<\/h4>\n<p>Gy\u0151r-Moson-Sopron Megyei Korm\u00e1nyhivatal<br \/>\nSoproni J\u00e1r\u00e1si Hivatal Foglalkoztat\u00e1si Oszt\u00e1ly<br \/>\n9400 Sopron, K\u0151szegi u. 1\/A<br \/>\n(TOP 6.8.2 inform\u00e1ci\u00f3s tan\u00e1csad\u00f3 munkat\u00e1rs)<br \/>\nTelefon: 99\/506-330<br \/>\nE-mail: foglalkoztatas.sopron@gyor.gov.hu<br \/>\ngyor-moson-sopron.munka.hu<\/p>\n<p>\u00dcgyf\u00e9lfogad\u00e1s:<br \/>\nh\u00e9tf\u0151t\u0151l cs\u00fct\u00f6rt\u00f6kig 9-15 \u00f3ra, p\u00e9nteken 9-12 \u00f3ra k\u00f6z\u00f6tt<\/p>\n<p>Tov\u00e1bbi r\u00e9szletes inform\u00e1ci\u00f3 a t\u00e1mogat\u00e1sok ig\u00e9nybev\u00e9tel\u00e9vel kapcsolatban:<\/p>\n<p>Soproni Paktumiroda<br \/>\n9400 Sopron, Sz\u00e9chenyi t\u00e9r 1-2.<\/p>\n<p>A Paktumiroda kulcsfontoss\u00e1g\u00fa feladata, hogy a c\u00e9lcsoportba tartoz\u00f3 \u00e1ll\u00e1skeres\u0151k\u00a0sz\u00e1m\u00e1ra val\u00f3s munkaer\u0151piaci ig\u00e9nyekre alapul\u00f3 k\u00e9pz\u00e9seket ind\u00edtson.<\/p>\n<p>Ennek \u00e9rdek\u00e9ben k\u00e9rj\u00fck foglalkoztat\u00e1si- \u00e9s hum\u00e1ner\u0151forr\u00e1s-fejleszt\u00e9si terveit,\u00a0elk\u00e9pzel\u00e9seit, munk\u00e1ltat\u00f3i ig\u00e9nyeit (a keresett munkak\u00f6rh\u00f6z sz\u00fcks\u00e9ges v\u00e9gzetts\u00e9gek,\u00a0tudnival\u00f3k megjel\u00f6l\u00e9s\u00e9vel) k\u00fcldje meg sz\u00e1munkra a paktum.sopron@gmail.com\u00a0e-mail c\u00edmre.[\/vc_column_text][vc_separator][vc_column_text el_id=&#8221;dokumentumok&#8221;]<\/p>\n<h3>Let\u00f6lthet\u0151 dokumentumok<\/h3>\n<p><a href=\"\/wp-content\/uploads\/2018\/06\/kiadvany_munkaltatoknak.pdf\" target=\"_blank\" rel=\"noopener\"><i class=\"fa fa-file-pdf-o fa-3x purple-icon\"><\/i> Kiadv\u00e1ny munk\u00e1ltat\u00f3knak<\/a>[\/vc_column_text][\/vc_column][\/vc_row][vc_row][vc_column][vc_column_text el_id=&#8221;partnerek&#8221;]<\/p>\n<h4>Egy\u00fcttm\u0171k\u00f6d\u0151 Partnerek<\/h4>\n<p>[\/vc_column_text][vc_gallery type=&#8221;image_grid&#8221; images=&#8221;704,705,706,707,708,709,710,711,712,713,714,715,716,717,718,719,720,721&#8243; img_size=&#8221;medium&#8221; onclick=&#8221;&#8221;][\/vc_column][\/vc_row]<\/p>\n","protected":false},"excerpt":{"rendered":"<p>[vc_row el_class=&#8221;floating-box-custom-container&#8221;][vc_column width=&#8221;2\/6&#8243; el_class=&#8221;floating-box-wrapper&#8221;][vc_row_inner][vc_column_inner el_class=&#8221;floating-box&#8221;][\/vc_column_inner][\/vc_row_inner][\/vc_column][vc_column width=&#8221;4\/6&#8243;][vc_column_text]A projekt keret\u00e9ben egy\u00e9ni v\u00e1llalkoz\u00f3k,&nbsp;<a href=\"http:\/\/paktum.sopron.hu\/index.php\/munkaadoknak\/\">&hellip;<\/a><\/p>\n","protected":false},"author":1,"featured_media":0,"parent":0,"menu_order":0,"comment_status":"closed","ping_status":"closed","template":"template-fullwidth.php","meta":{"footnotes":""},"_links":{"self":[{"href":"http:\/\/paktum.sopron.hu\/index.php\/wp-json\/wp\/v2\/pages\/531"}],"collection":[{"href":"http:\/\/paktum.sopron.hu\/index.php\/wp-json\/wp\/v2\/pages"}],"about":[{"href":"http:\/\/paktum.sopron.hu\/index.php\/wp-json\/wp\/v2\/types\/page"}],"author":[{"embeddable":true,"href":"http:\/\/paktum.sopron.hu\/index.php\/wp-json\/wp\/v2\/users\/1"}],"replies":[{"embeddable":true,"href":"http:\/\/paktum.sopron.hu\/index.php\/wp-json\/wp\/v2\/comments?post=531"}],"version-history":[{"count":9,"href":"http:\/\/paktum.sopron.hu\/index.php\/wp-json\/wp\/v2\/pages\/531\/revisions"}],"predecessor-version":[{"id":769,"href":"http:\/\/paktum.sopron.hu\/index.php\/wp-json\/wp\/v2\/pages\/531\/revisions\/769"}],"wp:attachment":[{"href":"http:\/\/paktum.sopron.hu\/index.php\/wp-json\/wp\/v2\/media?parent=531"}],"curies":[{"name":"wp","href":"https:\/\/api.w.org\/{rel}","templated":true}]}}