{"id":512,"date":"2018-05-04T05:51:02","date_gmt":"2018-05-04T03:51:02","guid":{"rendered":"http:\/\/paktum.gandastudio.com\/?page_id=512"},"modified":"2018-10-07T02:30:05","modified_gmt":"2018-10-07T00:30:05","slug":"allaskeresoknek","status":"publish","type":"page","link":"http:\/\/paktum.sopron.hu\/index.php\/allaskeresoknek\/","title":{"rendered":"\u00c1ll\u00e1skeres\u0151knek"},"content":{"rendered":"<p>[vc_row][vc_column][vc_basic_grid post_type=&#8221;allasajanlatok&#8221; max_items=&#8221;4&#8243; element_width=&#8221;3&#8243; orderby=&#8221;modified&#8221; order=&#8221;ASC&#8221; grid_id=&#8221;vc_gid:1538872053456-61e522b8-05d6-2&#8243;][\/vc_column][\/vc_row][vc_row el_class=&#8221;jobs-list-extra-content&#8221;][vc_column width=&#8221;2\/6&#8243; el_class=&#8221;floating-box-wrapper&#8221;][vc_row_inner][vc_column_inner el_class=&#8221;floating-box&#8221;]<a id=\"theme-button-69e7a6878eecb\" href=\"#tanacsadas\" class=\"wh-button about-jump-btn\">Ingyenes szolg\u00e1ltat\u00e1sok \/ tan\u00e1csad\u00e1s<\/a><a id=\"theme-button-69e7a6878eef4\" href=\"#tamogatasok\" class=\"wh-button about-jump-btn\">Ig\u00e9nybe vehet\u0151 t\u00e1mogat\u00e1sok<\/a><a id=\"theme-button-69e7a6878ef0a\" href=\"#resztvevok\" class=\"wh-button about-jump-btn\">Kik vehetnek r\u00e9szt a programban?<\/a><a id=\"theme-button-69e7a6878ef1d\" href=\"#jelentkezes\" class=\"wh-button about-jump-btn\">Jelentkez\u00e9s<\/a><a id=\"theme-button-69e7a6878ef2e\" href=\"#kapcsolatfelvetel\" class=\"wh-button about-jump-btn\">Kapcsolatfelv\u00e9tel<\/a><a id=\"theme-button-69e7a6878ef40\" href=\"#dokumentumok\" class=\"wh-button about-jump-btn\">Let\u00f6lthet\u0151 dokumentumok<\/a><a id=\"theme-button-69e7a6878ef51\" href=\"http:\/\/paktum.sopron.hu\/index.php\/allaskeresoknek\/\" class=\"wh-button about-jump-btn\">\u00c1ll\u00e1saj\u00e1nlatok<\/a><a id=\"theme-button-69e7a6878ef63\" href=\"http:\/\/paktum.sopron.hu\/index.php\/kepzesek\" class=\"wh-button about-jump-btn\">K\u00e9pz\u00e9sek<\/a>[\/vc_column_inner][\/vc_row_inner][\/vc_column][vc_column width=&#8221;4\/6&#8243;][vc_column_text el_id=&#8221;tanacsadas&#8221;]<\/p>\n<h3>Ingyenes szolg\u00e1ltat\u00e1sok \/ tan\u00e1csad\u00e1s<\/h3>\n<p>MENTOR\u00c1L\u00c1S<\/p>\n<ul>\n<li>szem\u00e9lyre szabott tan\u00e1csad\u00e1s, szakmai \u00e9s pszichol\u00f3giai seg\u00edts\u00e9g ny\u00fajt\u00e1sa<br \/>\naz \u00e9rintett munkaer\u0151piaci helyzet\u00e9nek jav\u00edt\u00e1sa, munkahelyi beilleszked\u00e9se<br \/>\n\u00e9rdek\u00e9ben<\/li>\n<li>seg\u00edts\u00e9gny\u00fajt\u00e1s a munk\u00e1ltat\u00f3kkal val\u00f3 kapcsolatfelv\u00e9telben,<br \/>\n\u00f6n\u00e9letrajz\u00edr\u00e1sban, az \u00e1ll\u00e1sinterj\u00fara val\u00f3 felk\u00e9sz\u00fcl\u00e9sben, illetve a betanul\u00e1s \u00e9s a munkahelyi beilleszked\u00e9s ideje alatt<\/li>\n<li>rendelkez\u00e9sre \u00e1ll\u00e1s minden munk\u00e1val, munkahellyel kapcsolatos probl\u00e9ma<br \/>\nmegold\u00e1s\u00e1ban<\/li>\n<\/ul>\n<p>[\/vc_column_text][vc_column_text]MUNKAER\u0150PIACI \u00c9S FOGLALKOZ\u00c1SI INFORM\u00c1CI\u00d3NY\u00daJT\u00c1S<\/p>\n<ul>\n<li>a k\u00e9pz\u00e9si lehet\u0151s\u00e9gekr\u0151l, az el\u00e9rhet\u0151 foglalkoz\u00e1st el\u0151seg\u00edt\u0151<br \/>\nt\u00e1mogat\u00e1sokr\u00f3l t\u00f6rt\u00e9n\u0151 t\u00e1j\u00e9koztat\u00e1s ny\u00fajt\u00e1sa<\/li>\n<li>a megfelel\u0151 munkahely \u00e9s munkak\u00f6r megtal\u00e1l\u00e1s\u00e1ban t\u00f6rt\u00e9n\u0151 seg\u00edts\u00e9gny\u00fajt\u00e1s<\/li>\n<\/ul>\n<p>[\/vc_column_text][vc_column_text]TAN\u00c1CSAD\u00c1S<\/p>\n<ul>\n<li>a munkatapasztalattal rendelkez\u0151, de a munka vil\u00e1g\u00e1b\u00f3l tart\u00f3san<br \/>\nkies\u0151 munk\u00e1t keres\u0151k visszat\u00e9r\u00e9s\u00e9ben t\u00f6rt\u00e9n\u0151 t\u00e1mogat\u00e1s<\/li>\n<li>a munkav\u00e1llal\u00e1s sor\u00e1n k\u00f6vetelm\u00e9nyk\u00e9nt t\u00e1masztott k\u00e9pess\u00e9gek<br \/>\n\u00e9s kompetenci\u00e1k felt\u00e1r\u00e1sa, fejleszt\u00e9se<\/li>\n<li>megv\u00e1ltozott munkak\u00e9pess\u00e9g\u0171 szem\u00e9lyek sz\u00e1m\u00e1ra t\u00f6rt\u00e9n\u0151 seg\u00edts\u00e9gny\u00fajt\u00e1s<\/li>\n<li>p\u00e1lyaorient\u00e1ci\u00f3s tan\u00e1csad\u00e1s ny\u00fajt\u00e1sa<\/li>\n<li>\u00e1ll\u00e1skeres\u00e9si tan\u00e1csad\u00e1s ny\u00fajt\u00e1sa<\/li>\n<li>rehabilit\u00e1ci\u00f3s tan\u00e1csad\u00e1s ny\u00fajt\u00e1sa<\/li>\n<\/ul>\n<p>[\/vc_column_text][vc_column_text]<em>A szolg\u00e1ltat\u00e1sok ig\u00e9nybe vehet\u0151k a<br \/>\n<\/em><em>Sopron \u00e9s K\u00f6rny\u00e9ke Csal\u00e1d- \u00e9s Gyermekj\u00f3l\u00e9ti Ell\u00e1t\u00e1s Int\u00e9zet\u00e9n\u00e9l.<\/em><\/p>\n<p>9400 Sopron, Vasv\u00e1ri P\u00e1l utca 2\/A.<br \/>\n9400 Sopron, Kuruc krt. 2. (Inform\u00e1ci\u00f3s iroda)<br \/>\n+3630 350 63 93<br \/>\ngyerko-top@gyerko.hu<br \/>\ngyerko.hu<\/p>\n<p>\u00dcgyf\u00e9lfogad\u00e1s: kedden 14-17 \u00f3ra, szerd\u00e1n 8-11 \u00f3ra k\u00f6z\u00f6tt[\/vc_column_text][vc_separator][vc_column_text el_id=&#8221;tamogatasok&#8221;]<\/p>\n<h3>Ig\u00e9nybe vehet\u0151 t\u00e1mogat\u00e1sok<\/h3>\n<p>A t\u00e1mogat\u00e1sokat az al\u00e1bbi ter\u00fcleteken lehet ig\u00e9nybe venni:<\/p>\n<p><strong>a, K\u00c9PZ\u00c9SEK<\/strong><\/p>\n<p>Foglalkoztat\u00e1st el\u0151seg\u00edt\u0151 k\u00e9pz\u00e9sben t\u00f6rt\u00e9n\u0151 r\u00e9szv\u00e9tel t\u00e1mogat\u00e1sa<\/p>\n<ul>\n<li>K\u00e9pz\u00e9si k\u00f6lts\u00e9g t\u00e1mogat\u00e1sa<\/li>\n<li>A k\u00e9pz\u00e9shez kapcsol\u00f3d\u00f3 utaz\u00e1si k\u00f6lts\u00e9g t\u00e1mogat\u00e1sa<\/li>\n<li>A k\u00e9pz\u00e9s idej\u00e9re sz\u00f3l\u00f3 keresetp\u00f3tl\u00f3 juttat\u00e1s \u00e9s j\u00e1rul\u00e9kainak biztos\u00edt\u00e1sa<\/li>\n<\/ul>\n<p>[\/vc_column_text][vc_column_text]<strong>b, ELHELYEZKED\u00c9ST SEG\u00cdT\u0150 T\u00c1MOGAT\u00c1SOK<\/strong><\/p>\n<ul>\n<li>B\u00e9rt\u00e1mogat\u00e1s (k\u00fcl\u00f6nb\u00f6z\u0151 id\u0151tartamra &#8211; legfeljebb 8 h\u00f3napra &#8211;<br \/>\ntov\u00e1bbfoglalkoztat\u00e1si k\u00f6telezetts\u00e9ggel)<\/li>\n<li>B\u00e9rk\u00f6lts\u00e9g-t\u00e1mogat\u00e1s (k\u00fcl\u00f6nb\u00f6z\u0151 id\u0151tartamra &#8211; legfeljebb 8 h\u00f3napra &#8211;<br \/>\ntov\u00e1bbfoglalkoztat\u00e1si k\u00f6telezetts\u00e9ggel)<\/li>\n<li>A mobilit\u00e1st t\u00e1mogat\u00f3 lakhat\u00e1si t\u00e1mogat\u00e1s<\/li>\n<\/ul>\n<p>[\/vc_column_text][vc_column_text]<strong>c, V\u00c1LLALKOZ\u00d3V\u00c1 V\u00c1L\u00c1S T\u00c1MOGAT\u00c1SA<\/strong><\/p>\n<p>A projekt \u00e1ltal ny\u00fajtott t\u00e1mogat\u00e1sok ig\u00e9nybev\u00e9tel\u00e9nek felt\u00e9tele a krit\u00e9riumoknak val\u00f3<br \/>\nmegfelel\u00e9s \u00e9s az \u00e1ll\u00e1skeres\u0151k\u00e9nt val\u00f3 nyilv\u00e1ntart\u00e1sba v\u00e9tel.<\/p>\n<p>A t\u00e1mogat\u00e1sok ig\u00e9nybe vehet\u0151k a Soproni J\u00e1r\u00e1si Hivatal Foglalkoztat\u00e1si Oszt\u00e1ly\u00e1n:<\/p>\n<p>9400 Sopron, K\u0151szegi \u00fat 1\/A.<br \/>\n+3699 506 330<br \/>\nfoglalkoztatas.sopron@gyor.gov.hu<br \/>\ngyor-moson-sopron.munka.hu<\/p>\n<p>\u00dcgyf\u00e9lfogad\u00e1s:<br \/>\nh\u00e9tf\u0151t\u0151l cs\u00fct\u00f6rt\u00f6kig 9-15 \u00f3ra, p\u00e9nteken 9-12 \u00f3ra k\u00f6z\u00f6tt[\/vc_column_text][vc_separator][vc_column_text el_id=&#8221;resztvevok&#8221;]<\/p>\n<h3>Kik vehetnek r\u00e9szt a programban?<\/h3>\n<p>A projektben a Soproni J\u00e1r\u00e1sban lakc\u00edmmel rendelkez\u0151, az adott t\u00e9rs\u00e9gben<br \/>\nmunk\u00e1t v\u00e1llalni sz\u00e1nd\u00e9koz\u00f3, h\u00e1tr\u00e1nyos helyzet\u0171 regisztr\u00e1lt \u00e1ll\u00e1skeres\u0151 szem\u00e9lyek,<br \/>\nk\u00f6zfoglalkoztatottak \u00e9s inakt\u00edvak vehetnek r\u00e9szt az al\u00e1bbiakban megadott<br \/>\nkrit\u00e9riumok szerint:<\/p>\n<ul>\n<li>Alacsony iskolai v\u00e9gzetts\u00e9g\u0171ek (legfeljebb \u00e1ltal\u00e1nos iskolai v\u00e9gzetts\u00e9g),<\/li>\n<li>25 \u00e9v alatti fiatalok vagy 30 \u00e9v alatti p\u00e1lyakezd\u0151 \u00e1ll\u00e1skeres\u0151k,<\/li>\n<li>50 \u00e9v felettiek,<\/li>\n<li>GYED-r\u0151l, GYES-r\u0151l, \u00e1pol\u00e1si d\u00edjr\u00f3l visszat\u00e9r\u0151k, vagy legal\u00e1bb egy gyermeket\u00a0egyed\u00fcl nevel\u0151 feln\u0151ttek,<\/li>\n<li>Foglalkoztat\u00e1st helyettes\u00edt\u0151 t\u00e1mogat\u00e1sban r\u00e9szes\u00fcl\u0151k,<\/li>\n<li>Tart\u00f3s munkan\u00e9lk\u00fclis\u00e9ggel vesz\u00e9lyeztetettek,<\/li>\n<li>Megv\u00e1ltozott munkak\u00e9pess\u00e9g\u0171 szem\u00e9lyek,<\/li>\n<li>Roma nemzetis\u00e9ghez tartoz\u00f3 szem\u00e9lyek,<\/li>\n<li>A k\u00f6zfoglalkoztat\u00e1sb\u00f3l a versenyszf\u00e9r\u00e1ba visszavezethet\u0151k (k\u00f6zfoglalkoztat\u00e1sb\u00f3l 30 napn\u00e1l nem r\u00e9gebben kil\u00e9pett \u00e9s nyilv\u00e1ntart\u00e1sba vett \u00e1ll\u00e1skeres\u0151k),<\/li>\n<li>Inakt\u00edvak (a programba val\u00f3 bevon\u00e1s el\u0151tt nem dolgoztak, illetve nem volt rendszeres j\u00f6vedelmet biztos\u00edt\u00f3 munk\u00e1juk, \u00e9s nem is kerestek munk\u00e1t,\u00a0vagy kerestek, de nem tudtak volna munk\u00e1ba \u00e1llni).<\/li>\n<\/ul>\n<p>A programban val\u00f3 r\u00e9szv\u00e9teli jogosults\u00e1g\u00e1val kapcsolatos b\u0151vebb inform\u00e1ci\u00f3t a Soproni J\u00e1r\u00e1si Hivatal Foglalkoztat\u00e1si Oszt\u00e1ly\u00e1n szerezheti be.[\/vc_column_text][vc_separator][vc_column_text el_id=&#8221;jelentkezes&#8221;]<\/p>\n<h3>Jelentkez\u00e9s<\/h3>\n<p><strong>A jelentkez\u00e9s menete:<\/strong><\/p>\n<p>a, MENTOR\u00c1L\u00c1S, TAN\u00c1CSAD\u00c1S<\/p>\n<p>1. Az \u00e1ll\u00e1skeres\u0151 szem\u00e9lyesen (9400 Sopron, Vasv\u00e1ri P\u00e1l u. 2\/A., 9400 Sopron,\u00a0Kuruc krt. 2.), telefonon (30\/35063 93) vagy emailben (gyerko-top@gyerko.hu)\u00a0felkeresi a Sopron \u00e9s K\u00f6rny\u00e9ke Csal\u00e1d- \u00e9s Gyermekj\u00f3l\u00e9ti Ell\u00e1t\u00e1s Int\u00e9zet\u00e9t.<\/p>\n<p>2. Az Int\u00e9zet munkat\u00e1rsai szem\u00e9lyre szabott mentor\u00e1l\u00e1st, tan\u00e1csad\u00e1st ny\u00fajtanak az\u00a0\u00e9rintett munkaer\u0151piaci, elhelyezked\u00e9si, tov\u00e1bbtanul\u00e1si lehet\u0151s\u00e9geir\u0151l.<\/p>\n<p>3. Az \u00e1ll\u00e1skeres\u0151 mentor\u00e1val egy\u00fctt felkeresi a Soproni J\u00e1r\u00e1si Hivatal\u00a0Foglalkoztat\u00e1si Oszt\u00e1ly\u00e1t, ahol megt\u00f6rt\u00e9nik a szolg\u00e1ltat\u00e1s k\u00e9r\u0151k\u00e9nt vagy\u00a0\u00e1ll\u00e1skeres\u0151k\u00e9nt val\u00f3 regisztr\u00e1ci\u00f3ja, illetve a TOP 6.8.2. projektbe t\u00f6rt\u00e9n\u0151\u00a0bevon\u00e1sa.<\/p>\n<p>4. Az \u00e1ll\u00e1skeres\u0151 v\u00e9gzetts\u00e9ge, tapasztalata \u00e9s j\u00f6v\u0151beli terve alapj\u00e1n piack\u00e9pes\u00a0szakm\u00e1t tanulhat ki, egy\u00e9ni v\u00e1llalkoz\u00f3 lehet, vagy k\u00e9pzetts\u00e9g\u00e9nek megfelel\u0151\u00a0\u00e1ll\u00e1shoz juthat.<\/p>\n<p>b, K\u00c9PZ\u00c9SEK<\/p>\n<ol>\n<li>Az \u00e1ll\u00e1skeres\u0151 felkeresi a Soproni J\u00e1r\u00e1si Hivatal Foglalkoztat\u00e1si Oszt\u00e1ly\u00e1t, ahol\u00a0megt\u00f6rt\u00e9nik az \u00e1ll\u00e1skeres\u0151k\u00e9nt val\u00f3 regisztr\u00e1ci\u00f3ja, illetve a TOP 6.8.2. projektbe\u00a0t\u00f6rt\u00e9n\u0151 bevon\u00e1sa. Ebben az esetben k\u00fcl\u00f6n sz\u00fcks\u00e9ges felh\u00edvni a J\u00e1r\u00e1si Hivatal<br \/>\nregisztr\u00e1ci\u00f3t v\u00e9gz\u0151 koll\u00e9gan\u0151j\u00e9t a TOP projektbe t\u00f6rt\u00e9n\u0151 bevon\u00e1sr\u00f3l.<\/li>\n<li>Az \u00e1ll\u00e1skeres\u0151 v\u00e9gzetts\u00e9ge, tapasztalata \u00e9s j\u00f6v\u0151beli terve alapj\u00e1n piack\u00e9pes\u00a0szakm\u00e1t tanulhat ki, egy\u00e9ni v\u00e1llalkoz\u00f3 lehet, vagy k\u00e9pzetts\u00e9g\u00e9nek megfelel\u0151\u00a0\u00e1ll\u00e1shoz juthat.<\/li>\n<\/ol>\n<p>[\/vc_column_text][\/vc_column][\/vc_row][vc_row el_class=&#8221;beige-wide-box&#8221;][vc_column width=&#8221;2\/6&#8243;][\/vc_column][vc_column width=&#8221;4\/6&#8243;][vc_row_inner][vc_column_inner][vc_column_text el_id=&#8221;kapcsolatfelvetel&#8221;]<\/p>\n<h3>Kapcsolatfelv\u00e9tel<\/h3>\n<p>[\/vc_column_text]\n<div class=\"wpcf7 no-js\" id=\"wpcf7-f953-o1\" lang=\"hu-HU\" dir=\"ltr\">\n<div class=\"screen-reader-response\"><p role=\"status\" aria-live=\"polite\" aria-atomic=\"true\"><\/p> <ul><\/ul><\/div>\n<form action=\"\/index.php\/wp-json\/wp\/v2\/pages\/512#wpcf7-f953-o1\" method=\"post\" class=\"wpcf7-form init\" aria-label=\"Kapcsolatfelv\u00e9teli \u0171rlap\" novalidate=\"novalidate\" data-status=\"init\">\n<div style=\"display: none;\">\n<input type=\"hidden\" name=\"_wpcf7\" value=\"953\" \/>\n<input type=\"hidden\" name=\"_wpcf7_version\" value=\"5.8.1\" \/>\n<input type=\"hidden\" name=\"_wpcf7_locale\" value=\"hu_HU\" \/>\n<input type=\"hidden\" name=\"_wpcf7_unit_tag\" value=\"wpcf7-f953-o1\" \/>\n<input type=\"hidden\" name=\"_wpcf7_container_post\" value=\"0\" \/>\n<input type=\"hidden\" name=\"_wpcf7_posted_data_hash\" value=\"\" \/>\n<\/div>\n<div class=\"contact-form\">\n\t<p><span class=\"wpcf7-form-control-wrap\" data-name=\"your-name\"><input size=\"40\" class=\"wpcf7-form-control wpcf7-text wpcf7-validates-as-required\" aria-required=\"true\" aria-invalid=\"false\" placeholder=\"N\u00e9v *\" value=\"\" type=\"text\" name=\"your-name\" \/><\/span>\n\t<\/p>\n\t<p><span class=\"wpcf7-form-control-wrap\" data-name=\"your-email\"><input size=\"40\" class=\"wpcf7-form-control wpcf7-email wpcf7-validates-as-required wpcf7-text wpcf7-validates-as-email\" aria-required=\"true\" aria-invalid=\"false\" placeholder=\"Email c\u00edm *\" value=\"\" type=\"email\" name=\"your-email\" \/><\/span>\n\t<\/p>\n\t<p><span class=\"wpcf7-form-control-wrap\" data-name=\"tel-899\"><input size=\"40\" class=\"wpcf7-form-control wpcf7-tel wpcf7-text wpcf7-validates-as-tel\" aria-invalid=\"false\" placeholder=\"Telefonsz\u00e1m\" value=\"\" type=\"tel\" name=\"tel-899\" \/><\/span>\n\t<\/p>\n\t<p><label> Mely ter\u00fcleten tudunk \u00d6nnek seg\u00edts\u00e9get ny\u00fajtani? * <span class=\"wpcf7-form-control-wrap\" data-name=\"menu-274\"><select class=\"wpcf7-form-control wpcf7-select wpcf7-validates-as-required\" aria-required=\"true\" aria-invalid=\"false\" name=\"menu-274\"><option value=\"\">&#8212; K\u00e9rj\u00fck, v\u00e1lasszon egy opci\u00f3t &#8212;<\/option><option value=\"\u00c1ll\u00e1skeres\u00e9s\">\u00c1ll\u00e1skeres\u00e9s<\/option><option value=\"K\u00e9pz\u00e9sben t\u00f6rt\u00e9n\u0151 r\u00e9szv\u00e9tel\">K\u00e9pz\u00e9sben t\u00f6rt\u00e9n\u0151 r\u00e9szv\u00e9tel<\/option><option value=\"Tan\u00e1csad\u00e1s ny\u00fajt\u00e1sa\">Tan\u00e1csad\u00e1s ny\u00fajt\u00e1sa<\/option><\/select><\/span> <\/label>\n\t<\/p>\n\t<p>[recaptcha]\n\t<\/p>\n\t<p><input class=\"wpcf7-form-control wpcf7-submit has-spinner\" type=\"submit\" value=\"\u00c9rdekl\u0151d\u00f6m\" \/>\n\t<\/p>\n<\/div><div class=\"wpcf7-response-output\" aria-hidden=\"true\"><\/div>\n<\/form>\n<\/div>\n[\/vc_column_inner][\/vc_row_inner][\/vc_column][\/vc_row][vc_row][vc_column width=&#8221;2\/6&#8243;][\/vc_column][vc_column width=&#8221;4\/6&#8243;][vc_column_text el_id=&#8221;dokumentumok&#8221;]<\/p>\n<h3>Let\u00f6lthet\u0151 dokumentumok<\/h3>\n<p><a href=\"\/wp-content\/uploads\/2018\/06\/kiadvany_allaskeresoknek.pdf\" target=\"_blank\" rel=\"noopener\"><i class=\"fa fa-file-pdf-o fa-3x purple-icon\"><\/i> Kiadv\u00e1ny \u00e1ll\u00e1skeres\u0151knek<\/a>[\/vc_column_text][\/vc_column][\/vc_row]<\/p>\n","protected":false},"excerpt":{"rendered":"<p>[vc_row][vc_column][vc_basic_grid post_type=&#8221;allasajanlatok&#8221; max_items=&#8221;4&#8243; element_width=&#8221;3&#8243; orderby=&#8221;modified&#8221; order=&#8221;ASC&#8221; grid_id=&#8221;vc_gid:1538872053456-61e522b8-05d6-2&#8243;][\/vc_column][\/vc_row][vc_row el_class=&#8221;jobs-list-extra-content&#8221;][vc_column width=&#8221;2\/6&#8243; el_class=&#8221;floating-box-wrapper&#8221;][vc_row_inner][vc_column_inner&nbsp;<a href=\"http:\/\/paktum.sopron.hu\/index.php\/allaskeresoknek\/\">&hellip;<\/a><\/p>\n","protected":false},"author":1,"featured_media":0,"parent":0,"menu_order":0,"comment_status":"closed","ping_status":"closed","template":"template-fullwidth.php","meta":{"footnotes":""},"_links":{"self":[{"href":"http:\/\/paktum.sopron.hu\/index.php\/wp-json\/wp\/v2\/pages\/512"}],"collection":[{"href":"http:\/\/paktum.sopron.hu\/index.php\/wp-json\/wp\/v2\/pages"}],"about":[{"href":"http:\/\/paktum.sopron.hu\/index.php\/wp-json\/wp\/v2\/types\/page"}],"author":[{"embeddable":true,"href":"http:\/\/paktum.sopron.hu\/index.php\/wp-json\/wp\/v2\/users\/1"}],"replies":[{"embeddable":true,"href":"http:\/\/paktum.sopron.hu\/index.php\/wp-json\/wp\/v2\/comments?post=512"}],"version-history":[{"count":28,"href":"http:\/\/paktum.sopron.hu\/index.php\/wp-json\/wp\/v2\/pages\/512\/revisions"}],"predecessor-version":[{"id":959,"href":"http:\/\/paktum.sopron.hu\/index.php\/wp-json\/wp\/v2\/pages\/512\/revisions\/959"}],"wp:attachment":[{"href":"http:\/\/paktum.sopron.hu\/index.php\/wp-json\/wp\/v2\/media?parent=512"}],"curies":[{"name":"wp","href":"https:\/\/api.w.org\/{rel}","templated":true}]}}