{"id":433,"date":"2018-05-03T13:34:22","date_gmt":"2018-05-03T11:34:22","guid":{"rendered":"http:\/\/paktum.gandastudio.com\/?page_id=433"},"modified":"2018-06-05T21:15:42","modified_gmt":"2018-06-05T19:15:42","slug":"kapcsolat","status":"publish","type":"page","link":"http:\/\/paktum.sopron.hu\/index.php\/kapcsolat\/","title":{"rendered":"Kapcsolat"},"content":{"rendered":"<p>[vc_row][vc_column width=&#8221;1\/12&#8243;][\/vc_column][vc_column width=&#8221;5\/12&#8243; el_class=&#8221;contact-left-column&#8221;][vc_column_text]<\/p>\n<h3>\u00c1ll\u00e1skeres\u0151knek:<\/h3>\n<p><strong>K\u00c9PZ\u00c9SEK:<\/strong><br \/>\n<strong>SOPRONI J\u00c1R\u00c1SI HIVATAL<\/strong><br \/>\n<strong>FOGLALKOZTAT\u00c1SI OSZT\u00c1LY<\/strong><\/p>\n<p>9400 Sopron, K\u0151szegi \u00fat 1\/A.<br \/>\n+36 99 506 330<br \/>\nfoglalkoztatas.sopron@gyor.gov.hu<br \/>\ngyor-moson-sopron.munka.hu<\/p>\n<p>\u00dcgyf\u00e9lfogad\u00e1s:<br \/>\nh\u00e9tf\u0151t\u0151l cs\u00fct\u00f6rt\u00f6kig 9-15 \u00f3ra,<br \/>\np\u00e9nteken 9-12 \u00f3ra k\u00f6z\u00f6tt<\/p>\n<p><strong>INGYENES<\/strong><br \/>\n<strong>SZOLG\u00c1LTAT\u00c1SOK\/TAN\u00c1CSAD\u00c1S:<\/strong><\/p>\n<p>Sopron \u00e9s K\u00f6rny\u00e9ke Csal\u00e1d-<br \/>\n\u00e9s Gyermekj\u00f3l\u00e9ti Ell\u00e1t\u00e1s Int\u00e9zet<\/p>\n<p>9400 Sopron, Vasv\u00e1ri P\u00e1l utca 2\/A.<br \/>\n9400 Sopron, Kuruc krt. 2. (Inform\u00e1ci\u00f3s iroda)<br \/>\n+36 30 350 63 93<br \/>\ngyerko-top@gyerko.hu<br \/>\ngyerko.hu<\/p>\n<p>\u00dcgyf\u00e9lfogad\u00e1s:<br \/>\nkedden 14-17 \u00f3ra, szerd\u00e1n 8-11 \u00f3ra k\u00f6z\u00f6tt[\/vc_column_text][\/vc_column][vc_column width=&#8221;5\/12&#8243; el_class=&#8221;contact-right-column&#8221;][vc_column_text]<\/p>\n<h3>Munkaad\u00f3knak:<\/h3>\n<p><strong>SOPRONI J\u00c1R\u00c1SI HIVATAL<\/strong><br \/>\n<strong>FOGLALKOZTAT\u00c1SI OSZT\u00c1LY<\/strong><\/p>\n<p>9400 Sopron, K\u0151szegi \u00fat 1\/A.<br \/>\n+36 99 506 330<br \/>\nfoglalkoztatas.sopron@gyor.gov.hu<br \/>\ngyor-moson-sopron.munka.hu<\/p>\n<p>\u00dcgyf\u00e9lfogad\u00e1s:<br \/>\nh\u00e9tf\u0151t\u0151l cs\u00fct\u00f6rt\u00f6kig 9-15 \u00f3ra,<br \/>\np\u00e9nteken 9-12 \u00f3ra k\u00f6z\u00f6tt<\/p>\n<p><strong>SOPRONI V\u00c1ROSFEJLESZT\u00c9SI Kft.<\/strong><\/p>\n<p>9400 Sopron, Sz\u00e9chenyi t\u00e9r 12.<br \/>\n+36 99 780 630<br \/>\npaktum.sopron@gmail.com<\/p>\n<p><strong>K\u00e1r\u00e1sz Anna<\/strong><br \/>\nPartners\u00e9gi koordin\u00e1tor<br \/>\n+36 30 241 3913<br \/>\nkarasz.svf@gmail.com<\/p>\n<p><strong>Keszei Bal\u00e1zs<\/strong><br \/>\nPartners\u00e9gi koordin\u00e1tor<br \/>\n30\/5514993<br \/>\nkeszei.svf@gmail.com[\/vc_column_text][\/vc_column][vc_column width=&#8221;1\/12&#8243;][\/vc_column][\/vc_row][vc_row disable_element=&#8221;yes&#8221;][vc_column][vc_empty_space][\/vc_column][\/vc_row][vc_row disable_element=&#8221;yes&#8221; el_class=&#8221;contact-end-extra-content&#8221;][vc_column width=&#8221;1\/4&#8243;][vc_column_text]<\/p>\n<h5><strong>Lorem ipsum<\/strong><\/h5>\n<p>Tusa seroreiur aliciunt. Oaptae sed ma\u00a0nus aut fugiam esti ommolup tatur,\u00a0quiae occati nimendandit laborrovit aut ommodio rrovit eos mo ipsae seque venimol uptaecta sinis dolup, Tem audae ne volenihilis reic to blam remporest volut vel mi, sum adipid que nonseque cus eatemodi cum fuga.[\/vc_column_text][\/vc_column][vc_column width=&#8221;1\/2&#8243;][vc_single_image image=&#8221;496&#8243; img_size=&#8221;full&#8221;][\/vc_column][vc_column width=&#8221;1\/4&#8243;][vc_column_text]<\/p>\n<h5>Equaspeditem ut<\/h5>\n<p>Tusa seroreiur aliciunt. Oaptae sed ma\u00a0nus aut fugiam esti ommolup tatur,\u00a0quiae occati nimendandit laborrovit aut\u00a0ommodio rrovit eos mo ipsae seque venimol uptaecta sinis dolup, Tem audae ne volenihilis reic to blam remporest volut vel mi, sum adipid que nonseque cus eatemodi cum fuga.[\/vc_column_text][\/vc_column][\/vc_row]<\/p>\n","protected":false},"excerpt":{"rendered":"<p>[vc_row][vc_column width=&#8221;1\/12&#8243;][\/vc_column][vc_column width=&#8221;5\/12&#8243; el_class=&#8221;contact-left-column&#8221;][vc_column_text] \u00c1ll\u00e1skeres\u0151knek: K\u00c9PZ\u00c9SEK: SOPRONI J\u00c1R\u00c1SI HIVATAL FOGLALKOZTAT\u00c1SI&nbsp;<a href=\"http:\/\/paktum.sopron.hu\/index.php\/kapcsolat\/\">&hellip;<\/a><\/p>\n","protected":false},"author":1,"featured_media":0,"parent":0,"menu_order":0,"comment_status":"closed","ping_status":"closed","template":"template-fullwidth.php","meta":{"footnotes":""},"_links":{"self":[{"href":"http:\/\/paktum.sopron.hu\/index.php\/wp-json\/wp\/v2\/pages\/433"}],"collection":[{"href":"http:\/\/paktum.sopron.hu\/index.php\/wp-json\/wp\/v2\/pages"}],"about":[{"href":"http:\/\/paktum.sopron.hu\/index.php\/wp-json\/wp\/v2\/types\/page"}],"author":[{"embeddable":true,"href":"http:\/\/paktum.sopron.hu\/index.php\/wp-json\/wp\/v2\/users\/1"}],"replies":[{"embeddable":true,"href":"http:\/\/paktum.sopron.hu\/index.php\/wp-json\/wp\/v2\/comments?post=433"}],"version-history":[{"count":1,"href":"http:\/\/paktum.sopron.hu\/index.php\/wp-json\/wp\/v2\/pages\/433\/revisions"}],"predecessor-version":[{"id":667,"href":"http:\/\/paktum.sopron.hu\/index.php\/wp-json\/wp\/v2\/pages\/433\/revisions\/667"}],"wp:attachment":[{"href":"http:\/\/paktum.sopron.hu\/index.php\/wp-json\/wp\/v2\/media?parent=433"}],"curies":[{"name":"wp","href":"https:\/\/api.w.org\/{rel}","templated":true}]}}